{"id":5,"date":"2019-11-15T21:22:07","date_gmt":"2019-11-15T20:22:07","guid":{"rendered":"https:\/\/alterit.pro\/?page_id=5"},"modified":"2023-02-17T00:52:58","modified_gmt":"2023-02-16T23:52:58","slug":"5-2","status":"publish","type":"page","link":"https:\/\/alterit.pro\/","title":{"rendered":""},"content":{"rendered":"\n<figure class=\"wp-block-image alignwide\"><img decoding=\"async\" loading=\"lazy\" width=\"2560\" height=\"1877\" src=\"https:\/\/alterit.pro\/wp-content\/uploads\/2019\/11\/logo-scaled.jpg\" alt=\"\" class=\"wp-image-6\" srcset=\"https:\/\/alterit.pro\/wp-content\/uploads\/2019\/11\/logo-scaled.jpg 2560w, https:\/\/alterit.pro\/wp-content\/uploads\/2019\/11\/logo-300x220.jpg 300w, https:\/\/alterit.pro\/wp-content\/uploads\/2019\/11\/logo-1024x751.jpg 1024w, https:\/\/alterit.pro\/wp-content\/uploads\/2019\/11\/logo-768x563.jpg 768w, https:\/\/alterit.pro\/wp-content\/uploads\/2019\/11\/logo-1536x1126.jpg 1536w, https:\/\/alterit.pro\/wp-content\/uploads\/2019\/11\/logo-2048x1502.jpg 2048w, https:\/\/alterit.pro\/wp-content\/uploads\/2019\/11\/logo-1568x1150.jpg 1568w\" sizes=\"(max-width: 2560px) 100vw, 2560px\" \/><\/figure>\n\n\n\n<div class=\"is-layout-flow wp-block-group alignfull advgb-dyn-18ea7184\">\n<p class=\"has-text-align-center has-secondary-color has-text-color\">Nextcloud &#8211; H\u00e9bergement &amp; sites web &#8211; D\u00e9pannages &amp; Conseils<\/p>\n<\/div>\n\n\n\n<p><\/p>\n","protected":false},"excerpt":{"rendered":"<p>Nextcloud &#8211; H\u00e9bergement &amp; sites web &#8211; D\u00e9pannages &amp; Conseils<\/p>\n","protected":false},"author":1,"featured_media":0,"parent":0,"menu_order":0,"comment_status":"closed","ping_status":"closed","template":"","meta":{"advgb_blocks_editor_width":"","advgb_blocks_columns_visual_guide":""},"featured_image_src":null,"featured_image_src_square":null,"coauthors":[],"author_meta":{"author_link":"https:\/\/alterit.pro\/?author=1","display_name":"admin3218"},"relative_dates":{"created":"Publi\u00e9 6 ans il y a","modified":"Mis \u00e0 jour 3 ans il y a"},"absolute_dates":{"created":"Publi\u00e9 le 15 novembre 2019","modified":"Mise \u00e0 jour le 17 f\u00e9vrier 2023"},"absolute_dates_time":{"created":"Publi\u00e9 le 15 novembre 2019 21 h 22 min","modified":"Mise \u00e0 jour le 17 f\u00e9vrier 2023 0 h 52 min"},"featured_img_caption":"","featured_img":false,"series_order":"","_links":{"self":[{"href":"https:\/\/alterit.pro\/index.php?rest_route=\/wp\/v2\/pages\/5"}],"collection":[{"href":"https:\/\/alterit.pro\/index.php?rest_route=\/wp\/v2\/pages"}],"about":[{"href":"https:\/\/alterit.pro\/index.php?rest_route=\/wp\/v2\/types\/page"}],"author":[{"embeddable":true,"href":"https:\/\/alterit.pro\/index.php?rest_route=\/wp\/v2\/users\/1"}],"replies":[{"embeddable":true,"href":"https:\/\/alterit.pro\/index.php?rest_route=%2Fwp%2Fv2%2Fcomments&post=5"}],"version-history":[{"count":18,"href":"https:\/\/alterit.pro\/index.php?rest_route=\/wp\/v2\/pages\/5\/revisions"}],"predecessor-version":[{"id":42,"href":"https:\/\/alterit.pro\/index.php?rest_route=\/wp\/v2\/pages\/5\/revisions\/42"}],"wp:attachment":[{"href":"https:\/\/alterit.pro\/index.php?rest_route=%2Fwp%2Fv2%2Fmedia&parent=5"}],"curies":[{"name":"wp","href":"https:\/\/api.w.org\/{rel}","templated":true}]}}